{"id":6627,"date":"2020-09-08T21:59:33","date_gmt":"2020-09-08T21:59:33","guid":{"rendered":"https:\/\/asocebu.com\/asocebuvirtual\/?post_type=product&#038;p=6627"},"modified":"2022-07-12T19:30:58","modified_gmt":"2022-07-12T19:30:58","slug":"afiliacion-asociado-pago-con-descuento","status":"publish","type":"product","link":"https:\/\/pagina.asocebu.com\/asocebuvirtual\/?product=afiliacion-asociado-pago-con-descuento","title":{"rendered":"Afiliaci\u00f3n Asociado pago con Descuento $8&#8217;000.000"},"content":{"rendered":"","protected":false},"excerpt":{"rendered":"<p><strong><span style=\"vertical-align: inherit; color: #f00;\"><img decoding=\"async\" class=\"alignnone\" src=\"http:\/\/asocebu.com\/images\/8000000.png\" alt=\"\" \/><\/span><\/strong><\/p>\n<p><strong><span style=\"vertical-align: inherit;\"><span style=\"vertical-align: inherit;\">*Comun\u00edquese con la Asociaci\u00f3n Ceb\u00fa para conocer en que casos se otorga este beneficio.<\/span><\/span><\/strong><\/p>\n<p>&nbsp;<\/p>\n<p><strong><span style=\"vertical-align: inherit;\"><span style=\"vertical-align: inherit;\">\u2022<\/span><\/span><\/strong><span style=\"vertical-align: inherit;\"><span style=\"vertical-align: inherit;\"> Si desea pagar por cuotas, seleccione el numero que de veces que desea cancelar por transacci\u00f3n.<\/span><\/span><\/p>\n<p><span style=\"vertical-align: inherit;\"><span style=\"vertical-align: inherit;\"><strong>*<\/strong>Tenga en cuenta que, para la opci\u00f3n <strong>P<\/strong><\/span><\/span><strong><span style=\"vertical-align: inherit;\"><span style=\"vertical-align: inherit;\">agos Parciales<\/span><\/span><\/strong><span style=\"vertical-align: inherit;\"><span style=\"vertical-align: inherit;\"> debe realizar el mismo procedimiento hasta completar el valor total de la afiliaci\u00f3n para dar tr\u00e1mite.<\/span><\/span><\/p>\n<p>&nbsp;<\/p>\n<p><a href=\"https:\/\/biz.payulatam.com\/L050f76CD95298\" target=\"_blank\" rel=\"noopener noreferrer\"><img decoding=\"async\" class=\"alignnone\" style=\"margin: 3px;\" src=\"http:\/\/asocebu.com\/images\/pago-total.png\" alt=\"\" width=\"150\" \/><\/a><a href=\"https:\/\/biz.payulatam.com\/L050f7C9B5A4CB\" target=\"_blank\" rel=\"noopener noreferrer\"><img decoding=\"async\" class=\"alignnone\" style=\"margin: 3px;\" src=\"http:\/\/asocebu.com\/images\/2cuotas.png\" alt=\"\" width=\"150\" \/><\/a><br \/><a href=\"https:\/\/biz.payulatam.com\/L050f704E98283\" target=\"_blank\" rel=\"noopener noreferrer\"><img decoding=\"async\" style=\"margin: 3px;\" src=\"http:\/\/asocebu.com\/images\/4cuotas.png\" width=\"150\" \/><\/a><a href=\"https:\/\/biz.payulatam.com\/L050f7EC23FEBD\" target=\"_blank\" rel=\"noopener noreferrer\"><img decoding=\"async\" class=\"alignnone\" style=\"margin: 3px;\" src=\"http:\/\/asocebu.com\/images\/8cuotas.png\" alt=\"\" width=\"150\" \/><\/a><\/p>\n","protected":false},"featured_media":6611,"template":"","meta":[],"product_brand":[],"product_cat":[136],"product_tag":[],"class_list":{"0":"post-6627","1":"product","2":"type-product","3":"status-publish","4":"has-post-thumbnail","6":"product_cat-afiliacion","8":"first","9":"instock","10":"virtual","11":"product-type-simple"},"_links":{"self":[{"href":"https:\/\/pagina.asocebu.com\/asocebuvirtual\/index.php?rest_route=\/wp\/v2\/product\/6627","targetHints":{"allow":["GET"]}}],"collection":[{"href":"https:\/\/pagina.asocebu.com\/asocebuvirtual\/index.php?rest_route=\/wp\/v2\/product"}],"about":[{"href":"https:\/\/pagina.asocebu.com\/asocebuvirtual\/index.php?rest_route=\/wp\/v2\/types\/product"}],"wp:featuredmedia":[{"embeddable":true,"href":"https:\/\/pagina.asocebu.com\/asocebuvirtual\/index.php?rest_route=\/wp\/v2\/media\/6611"}],"wp:attachment":[{"href":"https:\/\/pagina.asocebu.com\/asocebuvirtual\/index.php?rest_route=%2Fwp%2Fv2%2Fmedia&parent=6627"}],"wp:term":[{"taxonomy":"product_brand","embeddable":true,"href":"https:\/\/pagina.asocebu.com\/asocebuvirtual\/index.php?rest_route=%2Fwp%2Fv2%2Fproduct_brand&post=6627"},{"taxonomy":"product_cat","embeddable":true,"href":"https:\/\/pagina.asocebu.com\/asocebuvirtual\/index.php?rest_route=%2Fwp%2Fv2%2Fproduct_cat&post=6627"},{"taxonomy":"product_tag","embeddable":true,"href":"https:\/\/pagina.asocebu.com\/asocebuvirtual\/index.php?rest_route=%2Fwp%2Fv2%2Fproduct_tag&post=6627"}],"curies":[{"name":"wp","href":"https:\/\/api.w.org\/{rel}","templated":true}]}}