{"id":4603,"date":"2020-06-10T15:29:44","date_gmt":"2020-06-10T15:29:44","guid":{"rendered":"https:\/\/asocebu.com\/asocebuvirtual\/?post_type=product&#038;p=4603"},"modified":"2026-02-02T22:03:44","modified_gmt":"2026-02-02T22:03:44","slug":"revista-el-cebu-virtual-x-2-anos","status":"publish","type":"product","link":"https:\/\/pagina.asocebu.com\/asocebuvirtual\/?product=revista-el-cebu-virtual-x-2-anos","title":{"rendered":"Revista el Ceb\u00fa Virtual<br\/> X 2 a\u00f1os"},"content":{"rendered":"","protected":false},"excerpt":{"rendered":"<p><em><strong style=\"font-size: 36px;\">PLAN PLUS<\/strong><\/em><\/p>\n<p><strong>Su membres\u00eda est\u00e1 casi lista, una vez procesado su pago enviaremos un correo de confirmaci\u00f3n con los datos de acceso a la plataforma de La Revista Virtual El Ceb\u00fa<\/strong><\/p>\n<p>Medio informativo de la Asociaci\u00f3n Colombiana de Criadores de Ganado Ceb\u00fa a trav\u00e9s del cual se promueven las diferentes razas cebu\u00ednas y sus cruces, y se mantiene informado a todos nuestros lectores sobre las actividades de la Asociaci\u00f3n, adem\u00e1s de art\u00edculos de inter\u00e9s, reportajes, noticias ,resultados de ferias exposiciones, entre otros temas. \u00a0 La revista El Ceb\u00fa est\u00e1 catalogada como una de las revistas m\u00e1s importantes del sector agropecuario tanto nacional como internacionalmente.<\/p>\n","protected":false},"featured_media":5543,"template":"","meta":[],"product_brand":[],"product_cat":[10],"product_tag":[],"class_list":{"0":"post-4603","1":"product","2":"type-product","3":"status-publish","4":"has-post-thumbnail","6":"product_cat-publicaciones","8":"first","9":"outofstock","10":"virtual","11":"purchasable","12":"product-type-simple"},"_links":{"self":[{"href":"https:\/\/pagina.asocebu.com\/asocebuvirtual\/index.php?rest_route=\/wp\/v2\/product\/4603","targetHints":{"allow":["GET"]}}],"collection":[{"href":"https:\/\/pagina.asocebu.com\/asocebuvirtual\/index.php?rest_route=\/wp\/v2\/product"}],"about":[{"href":"https:\/\/pagina.asocebu.com\/asocebuvirtual\/index.php?rest_route=\/wp\/v2\/types\/product"}],"wp:featuredmedia":[{"embeddable":true,"href":"https:\/\/pagina.asocebu.com\/asocebuvirtual\/index.php?rest_route=\/wp\/v2\/media\/5543"}],"wp:attachment":[{"href":"https:\/\/pagina.asocebu.com\/asocebuvirtual\/index.php?rest_route=%2Fwp%2Fv2%2Fmedia&parent=4603"}],"wp:term":[{"taxonomy":"product_brand","embeddable":true,"href":"https:\/\/pagina.asocebu.com\/asocebuvirtual\/index.php?rest_route=%2Fwp%2Fv2%2Fproduct_brand&post=4603"},{"taxonomy":"product_cat","embeddable":true,"href":"https:\/\/pagina.asocebu.com\/asocebuvirtual\/index.php?rest_route=%2Fwp%2Fv2%2Fproduct_cat&post=4603"},{"taxonomy":"product_tag","embeddable":true,"href":"https:\/\/pagina.asocebu.com\/asocebuvirtual\/index.php?rest_route=%2Fwp%2Fv2%2Fproduct_tag&post=4603"}],"curies":[{"name":"wp","href":"https:\/\/api.w.org\/{rel}","templated":true}]}}