{"id":1054,"date":"2018-02-06T14:45:46","date_gmt":"2018-02-06T14:45:46","guid":{"rendered":"http:\/\/asocebu.com\/asocebuvirtual\/?post_type=product&#038;p=1054"},"modified":"2025-10-20T22:13:09","modified_gmt":"2025-10-20T22:13:09","slug":"solicitud-de-registro-para-ganado-cebu-puro-x1","status":"publish","type":"product","link":"https:\/\/pagina.asocebu.com\/asocebuvirtual\/?product=solicitud-de-registro-para-ganado-cebu-puro-x1","title":{"rendered":"Tiquete Solicitud de registro para ganado ceb\u00fa puro (X1)"},"content":{"rendered":"","protected":false},"excerpt":{"rendered":"<ul>\n<li>Formato utilizado para denunciar animales puros de las razas cebuinas. *Recuerde para diligenciar su tiquete en la plataforma web debe esperar 24 horas si su compra fue de lunes a jueves. Si su compra fue el viernes, s\u00e1bado o domingo, se debe esperar al lunes.<\/li>\n<li><strong>Para dar tr\u00e1mite a la compra que est\u00e1 realizando, debe estar al d\u00eda en cartera del mes anterior a la fecha de hoy.<\/strong><\/li>\n<\/ul>\n","protected":false},"featured_media":36840,"template":"","meta":[],"product_brand":[],"product_cat":[120],"product_tag":[],"class_list":{"0":"post-1054","1":"product","2":"type-product","3":"status-publish","4":"has-post-thumbnail","6":"product_cat-papeleria","8":"first","9":"instock","10":"virtual","11":"purchasable","12":"product-type-simple"},"_links":{"self":[{"href":"https:\/\/pagina.asocebu.com\/asocebuvirtual\/index.php?rest_route=\/wp\/v2\/product\/1054","targetHints":{"allow":["GET"]}}],"collection":[{"href":"https:\/\/pagina.asocebu.com\/asocebuvirtual\/index.php?rest_route=\/wp\/v2\/product"}],"about":[{"href":"https:\/\/pagina.asocebu.com\/asocebuvirtual\/index.php?rest_route=\/wp\/v2\/types\/product"}],"wp:featuredmedia":[{"embeddable":true,"href":"https:\/\/pagina.asocebu.com\/asocebuvirtual\/index.php?rest_route=\/wp\/v2\/media\/36840"}],"wp:attachment":[{"href":"https:\/\/pagina.asocebu.com\/asocebuvirtual\/index.php?rest_route=%2Fwp%2Fv2%2Fmedia&parent=1054"}],"wp:term":[{"taxonomy":"product_brand","embeddable":true,"href":"https:\/\/pagina.asocebu.com\/asocebuvirtual\/index.php?rest_route=%2Fwp%2Fv2%2Fproduct_brand&post=1054"},{"taxonomy":"product_cat","embeddable":true,"href":"https:\/\/pagina.asocebu.com\/asocebuvirtual\/index.php?rest_route=%2Fwp%2Fv2%2Fproduct_cat&post=1054"},{"taxonomy":"product_tag","embeddable":true,"href":"https:\/\/pagina.asocebu.com\/asocebuvirtual\/index.php?rest_route=%2Fwp%2Fv2%2Fproduct_tag&post=1054"}],"curies":[{"name":"wp","href":"https:\/\/api.w.org\/{rel}","templated":true}]}}