{"id":810,"date":"2017-09-26T15:09:50","date_gmt":"2017-09-26T15:09:50","guid":{"rendered":"http:\/\/asocebu.com\/asocebuvirtual\/?page_id=810"},"modified":"2017-10-10T20:37:10","modified_gmt":"2017-10-10T20:37:10","slug":"terminos-y-condiciones","status":"publish","type":"page","link":"https:\/\/pagina.asocebu.com\/asocebuvirtual\/?page_id=810","title":{"rendered":"T\u00e9rminos y Condiciones"},"content":{"rendered":"<p><strong>ENVIO TIENDA VIRTUAL ASOCEB\u00da<\/strong><\/p>\n<p>Asoceb\u00fa enviar\u00e1 el pedido a la direcci\u00f3n registrada, brindando cobertura a las ciudades principales de Colombia a trav\u00e9s de Servientrega, Envia y\/o Inter rapid\u00edsimo. El cobro del envi\u00f3 se realizar\u00e1 al momento de realizar la compra.<\/p>\n<p><strong>TIEMPO DE ENTREGA TIENDA VIRTUAL ASOCEB\u00da<\/strong><\/p>\n<p>La entrega de los productos se realizar\u00e1 de 4 a 8 d\u00edas h\u00e1biles en la direcci\u00f3n registrada por el usuario en la tienda virtual de Asoceb\u00fa. Los productos se entregar\u00e1n a cualquier mayor de edad que se encuentre en el domicilio al momento de la entrega. Incluye para unidades residenciales o edificios con servicio de porter\u00eda, la recepci\u00f3n y firma del portero<\/p>\n<p><strong>TENER EN CUENTA<\/strong><\/p>\n<ul>\n<li>El tiempo de entrega se cuenta a partir de la confirmaci\u00f3n del pago, \u00e9ste ser\u00e1 enviado a trav\u00e9s de correo electr\u00f3nico. Para pagos con tarjetas de cr\u00e9dito y d\u00e9bito, nuestro procesador de pagos PayU deber\u00e1 aprobar la transacci\u00f3n.<\/li>\n<li>Si realiza la compra un s\u00e1bado, domingo o festivo, el tiempo de entrega empezar\u00e1 a contar a partir del siguiente d\u00eda h\u00e1bil de confirmaci\u00f3n de su compra.<\/li>\n<li>Las entregas no se pueden realizar en un horario exacto y en caso de que no haya nadie en el domicilio, la transportadora har\u00e1 solamente un intento de entrega adicional. En caso de no poder realizar la entrega, el producto ser\u00e1 devuelto a nuestra Asociaci\u00f3n y nos pondremos en contacto con el usuario para acordar un nuevo envi\u00f3.<\/li>\n<\/ul>\n<p><strong>\u00a0<\/strong><\/p>\n<p><strong>CAMBIOS Y DEVOLUCIONES TIENDA VIRTUAL ASOCEB\u00da<\/strong><\/p>\n<p><strong>\u00a0<\/strong><\/p>\n<p>Asoceb\u00fa otorga un plazo para devoluciones de 5 d\u00edas h\u00e1biles a partir de la fecha en que la transportadora entrega el pedido en la direcci\u00f3n registrada. Se debe informar de la devoluci\u00f3n antes de cumplirse los 5 d\u00edas h\u00e1biles notificando a trav\u00e9s del correo electr\u00f3nico <a href=\"mailto:asocebu@asocebu.com\">asocebu@asocebu.com<\/a>.<\/p>\n<p><strong>TENER EN CUENTA:<\/strong><\/p>\n<ul>\n<li>Los cambios se realizar\u00e1n \u00fanica y exclusivamente por defectos de calidad.<\/li>\n<li>los productos en promoci\u00f3n o con descuento no tienen cambio ni devoluciones.<\/li>\n<\/ul>\n<p>Despu\u00e9s de haber notificado la devoluci\u00f3n, la asociaci\u00f3n enviara a trav\u00e9s de correo electr\u00f3nico un c\u00f3digo de inter rapid\u00edsimo al correo electr\u00f3nico dentro de las siguientes 48 horas para que pueda utilizar y devolver sus productos sin ning\u00fan costo. Debe imprimir el c\u00f3digo y llevarlo junto al producto a una sede de inter rapid\u00edsimo disponible en la zona en donde se encuentre.<\/p>\n<p><strong>EMPAQUE DE LA DEVOLUCI\u00d3N<\/strong><\/p>\n<p>Para hacer la devoluci\u00f3n del producto puede utilizar el mismo empaque en que fue entregado el pedido o utilizar un empaque de su preferencia, sin embargo, es importante que el empaque sea el adecuado seg\u00fan la naturaleza del producto para que este no se pueda ver afectado durante el proceso de transporte. El c\u00f3digo es v\u00e1lido s\u00f3lo por las siguientes 36 horas de haber recibido el correo electr\u00f3nico, as\u00ed que aseg\u00farese de llevar el producto a Inter rapid\u00edsimo durante el tiempo establecido.<\/p>\n<p>&nbsp;<\/p>\n<p>El producto deber\u00e1 devolverse en perfectas condiciones, sin rastros de haber sido utilizado, con las etiquetas originales. Una vez recibido el producto en nuestra oficina, verificaremos las condiciones del mismo y de acuerdo con los resultados se realizar\u00e1 la devoluci\u00f3n correspondiente.<\/p>\n<p><strong>TENER EN CUENTA<\/strong><\/p>\n<ul>\n<li>Cambio del producto (Sujeto a disponibilidad de inventario en el momento del cambio). S\u00f3lo se podr\u00e1n realizar cambios por productos con valor igual al original.<\/li>\n<li>Los cambios se realizar\u00e1n aproximadamente 3 d\u00edas h\u00e1biles despu\u00e9s de recibido el producto en la OFICINA y aplicar\u00e1n los mismos tiempos de una entrega regular.<\/li>\n<li>En caso que su producto no cumpla con las condiciones para aceptar la devoluci\u00f3n se informar\u00e1 a trav\u00e9s de correo electr\u00f3nico la raz\u00f3n por la cual no procede el cambio y\/o garant\u00eda y el producto ser\u00e1 devuelto a la direcci\u00f3n de envio inicial.<\/li>\n<\/ul>\n<p><strong>TERMINOS Y CONDICIONES TIENDA VIRTUAL<\/strong><\/p>\n<p>&nbsp;<\/p>\n<p>Asoceb\u00fa pondr\u00e1 a disposici\u00f3n de los clientes, los colores, tama\u00f1os, tallas y materiales en los que pueden adquirir los productos. Estos se exhibir\u00e1n de la manera m\u00e1s real posible, sin embargo, se debe tener en cuenta que con cada equipo\/computador, el color que se elija podr\u00e1 variar, por lo que la asociaci\u00f3n no se hace responsable en caso que el cliente solicite cambio por error en la selecci\u00f3n del color.<\/p>\n<p><strong>TERMINOS DE PRECIO TIENDA VIRTUAL ASOCEB\u00da<\/strong><\/p>\n<p>El valor total de la compra consta de<\/p>\n<ul>\n<li>valor del producto.<\/li>\n<li>costos de transporte a ciudades principales.<\/li>\n<\/ul>\n<p><strong>CONDICIONES DE PAGO TIENDA VIRTUAL ASOCEB\u00da<\/strong><\/p>\n<p>Los pagos para realizar cualquier compra a trav\u00e9s de la p\u00e1gina virtual, \u00fanica y exclusivamente se podr\u00e1n realizar por los siguientes medios:<\/p>\n<ul>\n<li>Tarjetas d\u00e9bito<\/li>\n<li>Tarjetas cr\u00e9dito: Visa, Diners, MasterCard, American Express<\/li>\n<\/ul>\n<p><strong>GARANTIA DE COMPRA TIENDA VIRTUAL ASOCEB\u00da<\/strong><\/p>\n<p>La garant\u00eda del producto tendr\u00e1 vigencia de 15 d\u00edas h\u00e1biles despu\u00e9s de recibir el producto, estas se realizar\u00e1n por defectos de fabricaci\u00f3n.<\/p>\n<p><strong>FACTURA DE COMPRA TIENDA VIRTUAL ASOCEB\u00da<\/strong><\/p>\n<p>La factura se enviar\u00e1 junto con el producto adquirido a la direcci\u00f3n registrada por el cliente.<\/p>\n","protected":false},"excerpt":{"rendered":"<p>ENVIO TIENDA VIRTUAL ASOCEB\u00da Asoceb\u00fa enviar\u00e1 el pedido a la direcci\u00f3n registrada, brindando cobertura a las ciudades principales de Colombia a trav\u00e9s de Servientrega, Envia y\/o Inter rapid\u00edsimo. El cobro del envi\u00f3 se realizar\u00e1 al momento de realizar la compra. TIEMPO DE ENTREGA TIENDA VIRTUAL ASOCEB\u00da La entrega de los productos se realizar\u00e1 de 4 [&hellip;]<\/p>\n","protected":false},"author":1,"featured_media":0,"parent":0,"menu_order":0,"comment_status":"closed","ping_status":"closed","template":"","meta":{"footnotes":""},"class_list":["post-810","page","type-page","status-publish","hentry"],"_links":{"self":[{"href":"https:\/\/pagina.asocebu.com\/asocebuvirtual\/index.php?rest_route=\/wp\/v2\/pages\/810","targetHints":{"allow":["GET"]}}],"collection":[{"href":"https:\/\/pagina.asocebu.com\/asocebuvirtual\/index.php?rest_route=\/wp\/v2\/pages"}],"about":[{"href":"https:\/\/pagina.asocebu.com\/asocebuvirtual\/index.php?rest_route=\/wp\/v2\/types\/page"}],"author":[{"embeddable":true,"href":"https:\/\/pagina.asocebu.com\/asocebuvirtual\/index.php?rest_route=\/wp\/v2\/users\/1"}],"replies":[{"embeddable":true,"href":"https:\/\/pagina.asocebu.com\/asocebuvirtual\/index.php?rest_route=%2Fwp%2Fv2%2Fcomments&post=810"}],"version-history":[{"count":3,"href":"https:\/\/pagina.asocebu.com\/asocebuvirtual\/index.php?rest_route=\/wp\/v2\/pages\/810\/revisions"}],"predecessor-version":[{"id":2639,"href":"https:\/\/pagina.asocebu.com\/asocebuvirtual\/index.php?rest_route=\/wp\/v2\/pages\/810\/revisions\/2639"}],"wp:attachment":[{"href":"https:\/\/pagina.asocebu.com\/asocebuvirtual\/index.php?rest_route=%2Fwp%2Fv2%2Fmedia&parent=810"}],"curies":[{"name":"wp","href":"https:\/\/api.w.org\/{rel}","templated":true}]}}