{"id":5,"date":"2016-06-07T17:16:14","date_gmt":"2016-06-07T17:16:14","guid":{"rendered":"http:\/\/localhost\/asovirtual\/?page_id=5"},"modified":"2025-12-16T22:06:17","modified_gmt":"2025-12-16T22:06:17","slug":"home","status":"publish","type":"page","link":"https:\/\/pagina.asocebu.com\/asocebuvirtual\/","title":{"rendered":"Inicio"},"content":{"rendered":"<p><span style=\"vertical-align: inherit;\"><span style=\"vertical-align: inherit;\">[vc_row][vc_column][vc_column_text]<div id=\"supsystic-slider-wrapper-4_33512\" class=\"supsystic-slider-wrapper\"> <div class=\"slider-sharing-top\"><\/div> <div id=\"supsystic-slider-4_33512\" class=\"supsystic-slider supsystic-slider-bx\" data-type=\"bx\" data-settings=\"{&quot;general&quot;:{&quot;mode&quot;:&quot;horizontal&quot;,&quot;moveSlides&quot;:&quot;1&quot;,&quot;auto&quot;:&quot;enable&quot;,&quot;slideshowControls&quot;:&quot;disable&quot;,&quot;navigation&quot;:&quot;0&quot;,&quot;rows&quot;:&quot;0&quot;,&quot;captions&quot;:&quot;true&quot;,&quot;captionsByMouseover&quot;:&quot;true&quot;,&quot;speed&quot;:&quot;500&quot;,&quot;easing&quot;:&quot;swing&quot;},&quot;touch&quot;:{&quot;touchEnabled&quot;:&quot;false&quot;,&quot;oneToOne&quot;:&quot;false&quot;,&quot;swipeThreshold&quot;:&quot;55&quot;},&quot;pager&quot;:{&quot;pagerEnabled&quot;:&quot;false&quot;,&quot;pagerType&quot;:&quot;full&quot;},&quot;properties&quot;:{&quot;width&quot;:&quot;100&quot;,&quot;widthType&quot;:&quot;%&quot;,&quot;height&quot;:&quot;275&quot;,&quot;videoAutoplay&quot;:&quot;false&quot;},&quot;caption&quot;:{&quot;color&quot;:&quot;#fff&quot;,&quot;font-size&quot;:&quot;14&quot;,&quot;text-align&quot;:&quot;auto&quot;,&quot;font-family&quot;:&quot;Open Sans&quot;,&quot;font-type&quot;:&quot;standard&quot;,&quot;background-color-hex&quot;:&quot;#000&quot;,&quot;background-color&quot;:&quot;rgba(0, 0, 0, 1)&quot;,&quot;background-opacity&quot;:&quot;0.5&quot;,&quot;inTop&quot;:&quot;false&quot;},&quot;socialSharing&quot;:{&quot;status&quot;:&quot;disable&quot;,&quot;pluginInstalled&quot;:false,&quot;projectsList&quot;:[],&quot;html&quot;:&quot;&quot;},&quot;__veditor__&quot;:&quot;&quot;}\" data-thumbs=\"thumbnails-4\" style=\"visibility: hidden; direction: ltr;overflow-x: hidden;\"> <style type=\"text\/css\"> .supsystic-slider.supsystic-slider-bx .bx-viewport, .supsystic-slider.supsystic-slider-bx .bx-wrapper{ position: relative; width: 100%; height:275px !important; top: 0; left: 0; } <\/style> <ul style=\"visibility: hidden; margin: 0 !important;height: 100%;\"> <li class=\"slide\" data-id=\"1\" style=\"background-image: url('https:\/\/pagina.asocebu.com\/asocebuvirtual\/wp-content\/uploads\/2023\/02\/Publicaciones.jpg'); background-repeat: no-repeat; background-position: top center; background-size: cover; height: 100% !important;\" title=\"\" data-title=\"\"> <a href=\"https:\/\/pagina.asocebu.com\/asocebuvirtual\/?page_id=456\" target=\"\" style=\"display: block; width: 100%; height:275px;\"><\/a> <\/li> <li class=\"slide\" data-id=\"2\" style=\"background-image: url('https:\/\/pagina.asocebu.com\/asocebuvirtual\/wp-content\/uploads\/2023\/02\/papeleria.jpg'); background-repeat: no-repeat; background-position: top center; background-size: cover; height: 100% !important;\" title=\"\" data-title=\"\"> <a href=\"https:\/\/app.asocebu.com.co\/Socio\/Asociado\/facturacion\/comprar-tiquetes\" target=\"\" style=\"display: block; width: 100%; height:275px;\"><\/a> <\/li> <\/ul> <\/div> <ul class=\"thumbnails-4 thumbs\" style=\"visibility: hidden; margin: 0 !important;\"> <li> <img decoding=\"async\" data-index=\"0\" src=\"https:\/\/pagina.asocebu.com\/asocebuvirtual\/wp-content\/uploads\/2023\/02\/Publicaciones-100x91.jpg\" alt=\"Publicaciones\" title=\"\" data-title=\"\" style=\"\" \/> <\/li> <li> <img decoding=\"async\" data-index=\"1\" src=\"https:\/\/pagina.asocebu.com\/asocebuvirtual\/wp-content\/uploads\/2023\/02\/papeleria-100x91.jpg\" alt=\"Papeleria\" title=\"\" data-title=\"\" style=\"\" \/> <\/li> <\/ul> <div class=\"slider-sharing-bottom\"><\/div> <\/div><\/span><\/span><\/p><div style=\"height:30px\" aria-hidden=\"true\" class=\"wp-block-spacer\"><\/div><h3 class=\"wp-block-heading has-text-align-center has-text-color\" style=\"color:#00983f\">PRODUCTOS M\u00c1S VENDIDOS<\/h3><figure class=\"wp-block-image size-full\"><a href=\"https:\/\/app.asocebu.com.co\/Socio\/Asociado\/facturacion\/comprar-tiquetes\" target=\"_blank\" rel=\" noreferrer noopener\"><img loading=\"lazy\" decoding=\"async\" width=\"1107\" height=\"299\" src=\"https:\/\/pagina.asocebu.com\/asocebuvirtual\/wp-content\/uploads\/2025\/12\/bnn2.png\" alt=\"\" class=\"wp-image-43811\" style=\"object-fit:cover\" srcset=\"https:\/\/pagina.asocebu.com\/asocebuvirtual\/wp-content\/uploads\/2025\/12\/bnn2.png 1107w, https:\/\/pagina.asocebu.com\/asocebuvirtual\/wp-content\/uploads\/2025\/12\/bnn2-768x207.png 768w, https:\/\/pagina.asocebu.com\/asocebuvirtual\/wp-content\/uploads\/2025\/12\/bnn2-600x162.png 600w\" sizes=\"auto, (max-width: 709px) 85vw, (max-width: 909px) 67vw, (max-width: 1362px) 62vw, 840px\" \/><\/a><\/figure><div style=\"height:78px\" aria-hidden=\"true\" class=\"wp-block-spacer\"><\/div><div class=\"wp-block-group background-color: #abb7c24f; padding: 20px;Border-radius:20px; has-background\" style=\"background-color:#cccccc59\"><div class=\"wp-block-group__inner-container is-layout-constrained wp-block-group-is-layout-constrained\"><div style=\"height:20px\" aria-hidden=\"true\" class=\"wp-block-spacer\"><\/div>\n\n<h3 class=\"wp-block-heading has-text-align-center has-text-color\" style=\"color:#00983f\">SUSCR\u00cdBASE A LA REVISTA EL CEB\u00da<\/h3>\n\n<div style=\"height:20px\" aria-hidden=\"true\" class=\"wp-block-spacer\"><\/div>\n\n<div class=\"wp-block-group\"><div class=\"wp-block-group__inner-container is-layout-constrained wp-block-group-is-layout-constrained\"><div class=\"wp-block-columns is-layout-flex wp-container-core-columns-is-layout-9d6595d7 wp-block-columns-is-layout-flex\"><div class=\"wp-block-column is-layout-flow wp-block-column-is-layout-flow\" style=\"flex-basis:50%\"><figure class=\"wp-block-image size-full\"><img loading=\"lazy\" decoding=\"async\" width=\"523\" height=\"641\" src=\"https:\/\/pagina.asocebu.com\/asocebuvirtual\/wp-content\/uploads\/2025\/11\/Tienda.png\" alt=\"\" class=\"wp-image-43722\" srcset=\"https:\/\/pagina.asocebu.com\/asocebuvirtual\/wp-content\/uploads\/2025\/11\/Tienda.png 523w, https:\/\/pagina.asocebu.com\/asocebuvirtual\/wp-content\/uploads\/2025\/11\/Tienda-245x300.png 245w\" sizes=\"auto, (max-width: 523px) 85vw, 523px\" \/><\/figure><\/div>\n\n<div class=\"wp-block-column is-layout-flow wp-block-column-is-layout-flow\" style=\"flex-basis:50%\">\n<div class=\"wpcf7 no-js\" id=\"wpcf7-f36848-o1\" lang=\"es-CO\" dir=\"ltr\">\n<div class=\"screen-reader-response\"><p role=\"status\" aria-live=\"polite\" aria-atomic=\"true\"><\/p> <ul><\/ul><\/div>\n<form action=\"\/asocebuvirtual\/index.php?rest_route=%2Fwp%2Fv2%2Fpages%2F5#wpcf7-f36848-o1\" method=\"post\" class=\"wpcf7-form init\" aria-label=\"Formulario de contacto\" novalidate=\"novalidate\" data-status=\"init\">\n<div style=\"display: none;\">\n<input type=\"hidden\" name=\"_wpcf7\" value=\"36848\" \/>\n<input type=\"hidden\" name=\"_wpcf7_version\" value=\"5.9.8\" \/>\n<input type=\"hidden\" name=\"_wpcf7_locale\" value=\"es_CO\" \/>\n<input type=\"hidden\" name=\"_wpcf7_unit_tag\" value=\"wpcf7-f36848-o1\" \/>\n<input type=\"hidden\" name=\"_wpcf7_container_post\" value=\"0\" \/>\n<input type=\"hidden\" name=\"_wpcf7_posted_data_hash\" value=\"\" \/>\n<input type=\"hidden\" name=\"_wpcf7_recaptcha_response\" value=\"\" \/>\n<\/div>\n<p><label> Nombre<br \/>\n<span class=\"wpcf7-form-control-wrap\" data-name=\"your-name\"><input size=\"40\" maxlength=\"400\" class=\"wpcf7-form-control wpcf7-text wpcf7-validates-as-required\" aria-required=\"true\" aria-invalid=\"false\" value=\"\" type=\"text\" name=\"your-name\" \/><\/span> <\/label>\n<\/p>\n<p><label> Direcci\u00f3n<br \/>\n<span class=\"wpcf7-form-control-wrap\" data-name=\"Direccion\"><input size=\"40\" maxlength=\"400\" class=\"wpcf7-form-control wpcf7-text wpcf7-validates-as-required\" aria-required=\"true\" aria-invalid=\"false\" value=\"\" type=\"text\" name=\"Direccion\" \/><\/span><\/label>\n<\/p>\n<p><label>Celular<br \/>\n<span class=\"wpcf7-form-control-wrap\" data-name=\"celular\"><input class=\"wpcf7-form-control wpcf7-number wpcf7-validates-as-required wpcf7-validates-as-number\" aria-required=\"true\" aria-invalid=\"false\" value=\"\" type=\"number\" name=\"celular\" \/><\/span><\/label>\n<\/p>\n<p><label> Correo electr\u00f3nico<br \/>\n<span class=\"wpcf7-form-control-wrap\" data-name=\"your-email\"><input size=\"40\" maxlength=\"400\" class=\"wpcf7-form-control wpcf7-email wpcf7-validates-as-required wpcf7-text wpcf7-validates-as-email\" aria-required=\"true\" aria-invalid=\"false\" value=\"\" type=\"email\" name=\"your-email\" \/><\/span> <\/label>\n<\/p>\n<p><label> Ciudad<br \/>\n<span class=\"wpcf7-form-control-wrap\" data-name=\"Ciudad\"><input size=\"40\" maxlength=\"400\" class=\"wpcf7-form-control wpcf7-text wpcf7-validates-as-required\" aria-required=\"true\" aria-invalid=\"false\" value=\"\" type=\"text\" name=\"Ciudad\" \/><\/span><\/label>\n<\/p>\n<p>\u00bfEs asociado?<br \/>\n<span class=\"wpcf7-form-control-wrap\" data-name=\"EsAsociado\"><span class=\"wpcf7-form-control wpcf7-radio\"><span class=\"wpcf7-list-item first\"><label><input type=\"radio\" name=\"EsAsociado\" value=\"Si\" checked=\"checked\" \/><span class=\"wpcf7-list-item-label\">Si<\/span><\/label><\/span><span class=\"wpcf7-list-item last\"><label><input type=\"radio\" name=\"EsAsociado\" value=\"No\" \/><span class=\"wpcf7-list-item-label\">No<\/span><\/label><\/span><\/span><\/span>\n<\/p>\n<p>Suscripci\u00f3n Nacional:<br \/>\n<span class=\"wpcf7-form-control-wrap\" data-name=\"Interesado\"><span class=\"wpcf7-form-control wpcf7-radio\"><span class=\"wpcf7-list-item first\"><label><input type=\"radio\" name=\"Interesado\" value=\"Unidad El ceb\u00fa $35.000\" checked=\"checked\" \/><span class=\"wpcf7-list-item-label\">Unidad El ceb\u00fa $35.000<\/span><\/label><\/span><span class=\"wpcf7-list-item\"><label><input type=\"radio\" name=\"Interesado\" value=\"El Ceb\u00fa Plus $185.000 (Formato digital 2 a\u00f1os)\" \/><span class=\"wpcf7-list-item-label\">El Ceb\u00fa Plus $185.000 (Formato digital 2 a\u00f1os)<\/span><\/label><\/span><span class=\"wpcf7-list-item\"><label><input type=\"radio\" name=\"Interesado\" value=\"El Ceb\u00fa Premium $173.000 (Formato impreso y digital 1 a\u00f1o)\" \/><span class=\"wpcf7-list-item-label\">El Ceb\u00fa Premium $173.000 (Formato impreso y digital 1 a\u00f1o)<\/span><\/label><\/span><span class=\"wpcf7-list-item\"><label><input type=\"radio\" name=\"Interesado\" value=\"El Ceb\u00fa Gold $285.000 (Formato impreso y digital 2 a\u00f1os)\" \/><span class=\"wpcf7-list-item-label\">El Ceb\u00fa Gold $285.000 (Formato impreso y digital 2 a\u00f1os)<\/span><\/label><\/span><span class=\"wpcf7-list-item last\"><label><input type=\"radio\" name=\"Interesado\" value=\"El Ceb\u00fa Basic $112.000 (Formato digital 1 a\u00f1o)\" \/><span class=\"wpcf7-list-item-label\">El Ceb\u00fa Basic $112.000 (Formato digital 1 a\u00f1o)<\/span><\/label><\/span><\/span><\/span>\n<\/p>\n<p>&nbsp;\n<\/p>\n<p><span class=\"wpcf7-form-control-wrap\" data-name=\"terminos\"><span class=\"wpcf7-form-control wpcf7-acceptance\"><span class=\"wpcf7-list-item\"><input type=\"checkbox\" name=\"terminos\" value=\"1\" aria-invalid=\"false\" \/><\/span><\/span><\/span> Aceptar Terminos y condiciones\n<\/p>\n<p>&nbsp;\n<\/p>\n<p><input class=\"wpcf7-form-control wpcf7-submit has-spinner\" type=\"submit\" value=\"Enviar\" \/>\n<\/p><div class=\"wpcf7-response-output\" aria-hidden=\"true\"><\/div>\n<\/form>\n<\/div>\n<\/div><\/div><\/div><\/div><\/div><\/div><div style=\"height:20px\" aria-hidden=\"true\" class=\"wp-block-spacer\"><\/div><h3 class=\"wp-block-heading has-text-align-center has-text-color\" style=\"color:#00983f\">QUIENES SOMOS<\/h3><div style=\"height:20px\" aria-hidden=\"true\" class=\"wp-block-spacer\"><\/div><figure class=\"wp-block-embed is-type-video is-provider-youtube wp-block-embed-youtube wp-embed-aspect-16-9 wp-has-aspect-ratio\"><div class=\"wp-block-embed__wrapper\">\n<iframe loading=\"lazy\" title=\"!Asoceb\u00fa 2022!\" width=\"1140\" height=\"641\" src=\"https:\/\/www.youtube.com\/embed\/OCFuTL2uJTY?feature=oembed\" frameborder=\"0\" allow=\"accelerometer; autoplay; clipboard-write; encrypted-media; gyroscope; picture-in-picture; web-share\" referrerpolicy=\"strict-origin-when-cross-origin\" allowfullscreen><\/iframe>\n<\/div><\/figure><div style=\"height:40px\" aria-hidden=\"true\" class=\"wp-block-spacer\"><\/div><p class=\"has-text-align-center\">La Asociaci\u00f3n Colombiana de Criadores de Ganado Ceb\u00fa, es una entidad sin \u00e1nimo de lucro que fomenta el desarrollo y mejoramiento gen\u00e9tico de las razas cebuinas (Brahman, Gyr, Guzer\u00e1 y Nelore) as\u00ed como sus cruces. En la actualidad es la asociaci\u00f3n ganadera que agrupa el mayor n\u00famero de criadores de ganado puro y comercial con explotaciones ganaderas en casi la totalidad del territorio nacional.<\/p>","protected":false},"excerpt":{"rendered":"<p>[vc_row][vc_column][vc_column_text] PRODUCTOS M\u00c1S VENDIDOS SUSCR\u00cdBASE A LA REVISTA EL CEB\u00da QUIENES SOMOS La Asociaci\u00f3n Colombiana de Criadores de Ganado Ceb\u00fa, es una entidad sin \u00e1nimo de lucro que fomenta el desarrollo y mejoramiento gen\u00e9tico de las razas cebuinas (Brahman, Gyr, Guzer\u00e1 y Nelore) as\u00ed como sus cruces. En la actualidad es la asociaci\u00f3n ganadera que [&hellip;]<\/p>\n","protected":false},"author":1,"featured_media":0,"parent":0,"menu_order":0,"comment_status":"closed","ping_status":"closed","template":"","meta":{"footnotes":""},"class_list":["post-5","page","type-page","status-publish","hentry"],"_links":{"self":[{"href":"https:\/\/pagina.asocebu.com\/asocebuvirtual\/index.php?rest_route=\/wp\/v2\/pages\/5","targetHints":{"allow":["GET"]}}],"collection":[{"href":"https:\/\/pagina.asocebu.com\/asocebuvirtual\/index.php?rest_route=\/wp\/v2\/pages"}],"about":[{"href":"https:\/\/pagina.asocebu.com\/asocebuvirtual\/index.php?rest_route=\/wp\/v2\/types\/page"}],"author":[{"embeddable":true,"href":"https:\/\/pagina.asocebu.com\/asocebuvirtual\/index.php?rest_route=\/wp\/v2\/users\/1"}],"replies":[{"embeddable":true,"href":"https:\/\/pagina.asocebu.com\/asocebuvirtual\/index.php?rest_route=%2Fwp%2Fv2%2Fcomments&post=5"}],"version-history":[{"count":419,"href":"https:\/\/pagina.asocebu.com\/asocebuvirtual\/index.php?rest_route=\/wp\/v2\/pages\/5\/revisions"}],"predecessor-version":[{"id":43819,"href":"https:\/\/pagina.asocebu.com\/asocebuvirtual\/index.php?rest_route=\/wp\/v2\/pages\/5\/revisions\/43819"}],"wp:attachment":[{"href":"https:\/\/pagina.asocebu.com\/asocebuvirtual\/index.php?rest_route=%2Fwp%2Fv2%2Fmedia&parent=5"}],"curies":[{"name":"wp","href":"https:\/\/api.w.org\/{rel}","templated":true}]}}