{"id":12,"date":"2016-06-07T19:00:40","date_gmt":"2016-06-07T19:00:40","guid":{"rendered":"http:\/\/localhost\/asovirtual\/carro\/"},"modified":"2023-02-08T14:05:14","modified_gmt":"2023-02-08T14:05:14","slug":"carro","status":"publish","type":"page","link":"https:\/\/pagina.asocebu.com\/asocebuvirtual\/?page_id=12","title":{"rendered":"Carrito"},"content":{"rendered":"<div class=\"wp-block-image\"><figure class=\"aligncenter size-large\"><img loading=\"lazy\" decoding=\"async\" width=\"1024\" height=\"199\" src=\"https:\/\/pagina.asocebu.com\/asocebuvirtual\/wp-content\/uploads\/2022\/02\/Carrito-de-compras-1-1024x199.png\" alt=\"\" class=\"wp-image-19630\" srcset=\"https:\/\/pagina.asocebu.com\/asocebuvirtual\/wp-content\/uploads\/2022\/02\/Carrito-de-compras-1-1024x199.png 1024w, https:\/\/pagina.asocebu.com\/asocebuvirtual\/wp-content\/uploads\/2022\/02\/Carrito-de-compras-1-600x117.png 600w, https:\/\/pagina.asocebu.com\/asocebuvirtual\/wp-content\/uploads\/2022\/02\/Carrito-de-compras-1-300x58.png 300w, https:\/\/pagina.asocebu.com\/asocebuvirtual\/wp-content\/uploads\/2022\/02\/Carrito-de-compras-1-768x149.png 768w, https:\/\/pagina.asocebu.com\/asocebuvirtual\/wp-content\/uploads\/2022\/02\/Carrito-de-compras-1.png 1066w\" sizes=\"auto, (max-width: 709px) 85vw, (max-width: 909px) 67vw, (max-width: 1362px) 62vw, 840px\" \/><\/figure><\/div><p style=\"text-align: center;\">\n<\/p><p style=\"text-align: center;\"><div class=\"woocommerce\">\n<h4 class=\"cart-empty\">Su carrito de compras est\u00e1 vac\u00edo <\/h4>\n\n<div class=\"woocommerce-notices-wrapper\"><\/div><div class=\"wc-empty-cart-message\">\n\t<div class=\"mk-message-box mk-info-message-box\"><span>Tu carrito est\u00e1 vac\u00edo.<div class=\"clearboth\"><\/div><\/span><\/div>\n<\/div>\n<p class=\"return-to-shop\"><a class=\"shop-flat-btn shop-black-btn\" href=\"https:\/\/pagina.asocebu.com\/asocebuvirtual\/?page_id=11\">Regresar a la Tienda<\/a><\/p><\/div><blockquote class=\"wp-block-quote is-layout-flow wp-block-quote-is-layout-flow\"><p>*Despu\u00e9s de la aprobaci\u00f3n de su pedido el env\u00edo se realizar\u00e1 de 2 a 8 d\u00edas h\u00e1biles<\/p><\/blockquote><blockquote class=\"wp-block-quote is-layout-flow wp-block-quote-is-layout-flow\"><p>*Cualquier inquietud comun\u00edquese al correo: <strong>claudia.gonzalez@asocebu.com<\/strong><\/p><\/blockquote><blockquote class=\"wp-block-quote is-layout-flow wp-block-quote-is-layout-flow\"><p>*Aplican <a rel=\"noreferrer noopener\" href=\"https:\/\/pagina.asocebu.com\/asocebuvirtual\/?page_id=810&amp;v=42983b05e2f2\" target=\"_blank\"><strong><u>T\u00e9rminos y condiciones<\/u><\/strong><\/a><\/p><\/blockquote>","protected":false},"excerpt":{"rendered":"<p>*Despu\u00e9s de la aprobaci\u00f3n de su pedido el env\u00edo se realizar\u00e1 de 2 a 8 d\u00edas h\u00e1biles *Cualquier inquietud comun\u00edquese al correo: claudia.gonzalez@asocebu.com *Aplican T\u00e9rminos y condiciones<\/p>\n","protected":false},"author":1,"featured_media":0,"parent":0,"menu_order":0,"comment_status":"closed","ping_status":"closed","template":"","meta":{"footnotes":""},"class_list":["post-12","page","type-page","status-publish","hentry"],"_links":{"self":[{"href":"https:\/\/pagina.asocebu.com\/asocebuvirtual\/index.php?rest_route=\/wp\/v2\/pages\/12","targetHints":{"allow":["GET"]}}],"collection":[{"href":"https:\/\/pagina.asocebu.com\/asocebuvirtual\/index.php?rest_route=\/wp\/v2\/pages"}],"about":[{"href":"https:\/\/pagina.asocebu.com\/asocebuvirtual\/index.php?rest_route=\/wp\/v2\/types\/page"}],"author":[{"embeddable":true,"href":"https:\/\/pagina.asocebu.com\/asocebuvirtual\/index.php?rest_route=\/wp\/v2\/users\/1"}],"replies":[{"embeddable":true,"href":"https:\/\/pagina.asocebu.com\/asocebuvirtual\/index.php?rest_route=%2Fwp%2Fv2%2Fcomments&post=12"}],"version-history":[{"count":18,"href":"https:\/\/pagina.asocebu.com\/asocebuvirtual\/index.php?rest_route=\/wp\/v2\/pages\/12\/revisions"}],"predecessor-version":[{"id":30240,"href":"https:\/\/pagina.asocebu.com\/asocebuvirtual\/index.php?rest_route=\/wp\/v2\/pages\/12\/revisions\/30240"}],"wp:attachment":[{"href":"https:\/\/pagina.asocebu.com\/asocebuvirtual\/index.php?rest_route=%2Fwp%2Fv2%2Fmedia&parent=12"}],"curies":[{"name":"wp","href":"https:\/\/api.w.org\/{rel}","templated":true}]}}